{"id":48,"date":"2016-01-02T15:29:44","date_gmt":"2016-01-02T15:29:44","guid":{"rendered":"http:\/\/samuel.klemke.de\/?page_id=48"},"modified":"2016-01-02T15:29:44","modified_gmt":"2016-01-02T15:29:44","slug":"repertoire","status":"publish","type":"page","link":"http:\/\/samuel.klemke.de\/?page_id=48","title":{"rendered":"Repertoire"},"content":{"rendered":"<h1>Repertoire<\/h1>\n<h2>Huge repertoire from Renaissance to 21st century<\/h2>\n<p>works by<br \/>\n&#8211; J. S. Bach &#8211; J. Dowland &#8211; L. Milan &#8211; F. Sor &#8211; M. Giuliani &#8211; G. Regondi &#8211; F. Tarrega &#8211; I. Albeniz &#8211; D. Scarlatti &#8211; A. Jose &#8211; A. Barrios Mangore &#8211; H. Villa-Lobos &#8211; J.K. Mertz &#8211; J. Rodrigo &#8211; R. Sainz de la Maza &#8211; H. W. Henze &#8211; T. Takemitsu &#8211; B. Britten &#8211; R. R. Bennett &#8211; W. Walton &#8211; M. M. Ponce &#8211; N. D&#8217;Angelo &#8211; M. Castelnuovo Tedesco &#8211; F. M. Torroba &#8211; L. Brouwer &#8211; A. Vivaldi and more&#8230;.<\/p>\n<p>&nbsp;<\/p>\n<h2>Special programmes:<\/h2>\n<p>&#8222;Confronting Silence&#8220; &#8211; Complete soloworks by T. Takemitsu<\/p>\n<p>&#8222;Variations&#8220; &#8211; works by J.S. Bach &#8211; F. Sor &#8211; B. Britten &#8211; M. M. Ponce<\/p>\n<p>&#8222;Latin Lounge&#8220; &#8211; easy listening music by latinamerican and spanish composers<\/p>\n<p>&#8222;Classical Lounge&#8220; &#8211; easy listening music from the classical repertoire.<\/p>\n<p>&#8222;Platero y yo&#8220; for narrator and guitar by M. Castelnuovo Tedesco<\/p>\n<p>&nbsp;<\/p>\n<h2>Concertos<\/h2>\n<p>Concertos by Rodrigo, Tedesco, Vivaldi, Ponce, Takemitsu, Giuliani, Dyens<\/p>\n<p><\/p>","protected":false},"excerpt":{"rendered":"<p>Repertoire Huge repertoire from Renaissance to 21st century works by &#8211; J. S. Bach &#8211; J. Dowland &#8211; L. Milan &#8211; F. Sor &#8211; M. Giuliani &#8211; G. Regondi &#8211; F. Tarrega &#8211; I. Albeniz &#8211; D. Scarlatti &#8211; A. Jose &#8211; A. Barrios Mangore &#8211; H. Villa-Lobos &#8211; J.K. Mertz &#8211; J. Rodrigo &#8211; [&hellip;]<\/p>\n","protected":false},"author":1,"featured_media":0,"parent":0,"menu_order":0,"comment_status":"closed","ping_status":"closed","template":"","meta":{"jetpack_post_was_ever_published":false,"footnotes":""},"jetpack_sharing_enabled":true,"jetpack_shortlink":"https:\/\/wp.me\/P75tXj-M","jetpack-related-posts":[{"id":40,"url":"http:\/\/samuel.klemke.de\/?page_id=40","url_meta":{"origin":48,"position":0},"title":"Curriculum Vitae","author":"Samuel","date":"Januar 2, 2016","format":false,"excerpt":"Samuel T. Klemke was born in 1978 into a family with musical roots back to his great-grandfather, who already performed music. His grandmother and great-aunt were professional musicians, as are his uncle and his father. Thus he got his first guitar lessons from his father Tobias at the age of\u2026","rel":"","context":"\u00c4hnlicher Beitrag","block_context":{"text":"\u00c4hnlicher Beitrag","link":""},"img":{"alt_text":"","src":"","width":0,"height":0},"classes":[]},{"id":2,"url":"http:\/\/samuel.klemke.de\/?page_id=2","url_meta":{"origin":48,"position":1},"title":"Info","author":"Samuel","date":"Dezember 9, 2015","format":false,"excerpt":"Experience peerlessly expressive and soulful guitar music in technical perfection and brilliant clarity. The young musician could enthuse the audience and critics with his detailed playing in countless concerts. Samuel arranges the programmes for his concerts from his very comprehensie repertoire, that comprises master pieces from the time of the\u2026","rel":"","context":"\u00c4hnlicher Beitrag","block_context":{"text":"\u00c4hnlicher Beitrag","link":""},"img":{"alt_text":"","src":"","width":0,"height":0},"classes":[]},{"id":15,"url":"http:\/\/samuel.klemke.de\/?page_id=15","url_meta":{"origin":48,"position":2},"title":"Concert &#8211; Dates","author":"Samuel","date":"Januar 2, 2016","format":false,"excerpt":"2026 18.12.2026 White Christmas Show 06.12.2026 Gotha Th\u00fcringen Philharmonie 28.11.2026 N\u00fcrnberg 27.11.2026 Bayreuth 26.11.2025 Erlangen 25.11.2025 W\u00fcrzburg 24.11.2026 Ingolstadt 23.11.2026 Regensburg 21.11.2026 Bremen 20.11.2026 Hannover 19.11.2026 Paderborn 18.11.2026 Minden 14.11.2026 Erfurt 13.11.2026 Magdeburg 12.11.2026 L\u00fcneburg 15.10.2026 Workshop online 10.10.2026 Hamburg Workshop 09.10.2026 Hamburg Workshop 3.-6.09.2026 Kirtan Mela bei Marburg- 29.08.2026\u2026","rel":"","context":"\u00c4hnlicher Beitrag","block_context":{"text":"\u00c4hnlicher Beitrag","link":""},"img":{"alt_text":"","src":"","width":0,"height":0},"classes":[]}],"jetpack_likes_enabled":true,"_links":{"self":[{"href":"http:\/\/samuel.klemke.de\/index.php?rest_route=\/wp\/v2\/pages\/48"}],"collection":[{"href":"http:\/\/samuel.klemke.de\/index.php?rest_route=\/wp\/v2\/pages"}],"about":[{"href":"http:\/\/samuel.klemke.de\/index.php?rest_route=\/wp\/v2\/types\/page"}],"author":[{"embeddable":true,"href":"http:\/\/samuel.klemke.de\/index.php?rest_route=\/wp\/v2\/users\/1"}],"replies":[{"embeddable":true,"href":"http:\/\/samuel.klemke.de\/index.php?rest_route=%2Fwp%2Fv2%2Fcomments&post=48"}],"version-history":[{"count":1,"href":"http:\/\/samuel.klemke.de\/index.php?rest_route=\/wp\/v2\/pages\/48\/revisions"}],"predecessor-version":[{"id":50,"href":"http:\/\/samuel.klemke.de\/index.php?rest_route=\/wp\/v2\/pages\/48\/revisions\/50"}],"wp:attachment":[{"href":"http:\/\/samuel.klemke.de\/index.php?rest_route=%2Fwp%2Fv2%2Fmedia&parent=48"}],"curies":[{"name":"wp","href":"https:\/\/api.w.org\/{rel}","templated":true}]}}